{"id":9,"date":"2024-04-23T12:01:42","date_gmt":"2024-04-23T12:01:42","guid":{"rendered":"https:\/\/jobunio.hu\/index.php\/my-account\/"},"modified":"2024-04-23T12:32:59","modified_gmt":"2024-04-23T12:32:59","slug":"my-account","status":"publish","type":"page","link":"https:\/\/jobunio.hu\/","title":{"rendered":"Saj\u00e1t adataim az \u00e1ll\u00e1skeres\u0151 port\u00e1lon"},"content":{"rendered":"\t\t<div data-elementor-type=\"wp-page\" data-elementor-id=\"9\" class=\"elementor elementor-9\">\n\t\t\t\t<div class=\"elementor-element elementor-element-76fb5a0 e-con-full e-flex e-con e-parent\" data-id=\"76fb5a0\" data-element_type=\"container\">\n\t\t<div class=\"elementor-element elementor-element-ba19215 e-flex e-con-boxed e-con e-child\" data-id=\"ba19215\" data-element_type=\"container\">\n\t\t\t\t\t<div class=\"e-con-inner\">\n\t\t\t\t<div class=\"elementor-element elementor-element-587680ac elementor-widget elementor-widget-shortcode\" data-id=\"587680ac\" data-element_type=\"widget\" data-widget_type=\"shortcode.default\">\n\t\t\t\t<div class=\"elementor-widget-container\">\n\t\t\t\t\t<div class=\"elementor-shortcode\">\r\n  <div id=\"login-2\" class=\"bootstrap-wrapper\">\r\n   <div class=\"menu-toggler sidebar-toggler\">\r\n   <\/div>   \r\n   <div class=\"content-real\">\r\n   \r\n    <form id=\"login_form\" class=\"login-form\" action=\"\" method=\"post\">\r\n      <h3 class=\"form-title\">Eintragen<\/h3>\r\n      <div class=\"display-hide\" id=\"error_message\">\r\n\r\n      <\/div>\r\n      <div class=\"form-group\">\r\n        <!--ie8, ie9 does not support html5 placeholder, so we just show field title for that-->\r\n        <label class=\"control-label visible-ie8 visible-ie9\">Benutzername<\/label>\r\n        <input class=\"form-control form-control-solid placeholder-no-fix\" type=\"text\" autocomplete=\"off\" placeholder=\"Username\" name=\"username\" id=\"username\"\/>\r\n      <\/div>\r\n      <div class=\"form-group\">\r\n        <label class=\"control-label visible-ie8 visible-ie9\">Passwort<\/label>\r\n        <input class=\"form-control form-control-solid placeholder-no-fix\" type=\"password\" autocomplete=\"off\" placeholder=\"Password\" name=\"password\" id=\"password\"\/>\r\n      <\/div>\r\n      <div class=\"form-actions row\">\r\n      <div class=\"col-md-4\">\r\n        <button type=\"button\" class=\"btn btn-custom uppercase pull-left\" onclick=\"return jobbank_chack_login();\" >Anmeldung<\/button>\r\n      <\/div>\r\n      <p class=\"pull-left  margin-20 para col-md-4\">\r\n      \r\n      <\/p>\r\n        <p class=\"pull-left margin-20 para col-md-4\">\r\n        <a href=\"javascript:;\" class=\"forgot-link\">Passwort vergessen? <\/a>\r\n        <\/p>\r\n      <\/div>\r\n    <div class=\"create-account\">\r\n          <p>            <a  href=\"https:\/\/jobunio.hu\/index.php\/price-table\/\" id=\"register-btn\" class=\"uppercase\">Hozzon l\u00e9tre egy fi\u00f3kot  <\/a>\r\n          <\/p>\r\n        <\/div>\r\n\r\n    <\/form>\r\n    \r\n    <form id=\"forget-password\" name=\"forget-password\" class=\"forget-form\" action=\"\" method=\"post\" >\r\n      <h3>Passwort vergessen?  <\/h3>\r\n\t  <div id=\"forget_message\">\r\n\t\t<p>\r\n        Gib deine E-Mail Adresse ein      <\/p>\r\n\r\n      <\/div>\r\n      <div class=\"form-group\">\r\n        <input class=\"form-control form-control-solid placeholder-no-fix\" type=\"text\"  placeholder=\"Email\" name=\"forget_email\" id=\"forget_email\"\/>\r\n      <\/div>\r\n      <div class=\"\">\r\n        <button type=\"button\" id=\"back-btn\" class=\"btn btn-border margin-b-30\">Vissza <\/button>\r\n        <button type=\"button\" onclick=\"return jobbank_forget_pass();\"  class=\"btn btn-custom uppercase pull-right margin-b-30\">Abschicken <\/button>\r\n      <\/div>\r\n    <\/form>\r\n    <\/div>\r\n    <\/div>\r\n\t\r\n  <\/div>\n\t\t\t\t<\/div>\n\t\t\t\t<\/div>\n\t\t\t\t\t<\/div>\n\t\t\t\t<\/div>\n\t\t\t\t<\/div>\n\t\t\t\t<\/div>\n\t\t","protected":false},"excerpt":{"rendered":"","protected":false},"author":1,"featured_media":0,"parent":0,"menu_order":0,"comment_status":"closed","ping_status":"closed","template":"elementor_canvas","meta":{"footnotes":""},"class_list":["post-9","page","type-page","status-publish","hentry"],"_links":{"self":[{"href":"https:\/\/jobunio.hu\/index.php\/wp-json\/wp\/v2\/pages\/9","targetHints":{"allow":["GET"]}}],"collection":[{"href":"https:\/\/jobunio.hu\/index.php\/wp-json\/wp\/v2\/pages"}],"about":[{"href":"https:\/\/jobunio.hu\/index.php\/wp-json\/wp\/v2\/types\/page"}],"author":[{"embeddable":true,"href":"https:\/\/jobunio.hu\/index.php\/wp-json\/wp\/v2\/users\/1"}],"replies":[{"embeddable":true,"href":"https:\/\/jobunio.hu\/index.php\/wp-json\/wp\/v2\/comments?post=9"}],"version-history":[{"count":8,"href":"https:\/\/jobunio.hu\/index.php\/wp-json\/wp\/v2\/pages\/9\/revisions"}],"predecessor-version":[{"id":43,"href":"https:\/\/jobunio.hu\/index.php\/wp-json\/wp\/v2\/pages\/9\/revisions\/43"}],"wp:attachment":[{"href":"https:\/\/jobunio.hu\/index.php\/wp-json\/wp\/v2\/media?parent=9"}],"curies":[{"name":"wp","href":"https:\/\/api.w.org\/{rel}","templated":true}]}}